{"id":103,"date":"2019-03-18T09:01:36","date_gmt":"2019-03-18T09:01:36","guid":{"rendered":"http:\/\/radkasko.de\/?page_id=103"},"modified":"2024-12-27T13:39:47","modified_gmt":"2024-12-27T13:39:47","slug":"kosten","status":"publish","type":"page","link":"https:\/\/radkasko.de\/?page_id=103","title":{"rendered":"Kosten"},"content":{"rendered":"<p>&nbsp;<\/p>\n<p><img decoding=\"async\" loading=\"lazy\" class=\"aligncenter wp-image-9 size-large\" src=\"http:\/\/radkasko.de\/wp-content\/uploads\/2019\/03\/Fotolia_579730_Subscription_Monthly_M-1022x1024.jpg\" alt=\"\" width=\"525\" height=\"526\" srcset=\"https:\/\/radkasko.de\/wp-content\/uploads\/2019\/03\/Fotolia_579730_Subscription_Monthly_M-1022x1024.jpg 1022w, https:\/\/radkasko.de\/wp-content\/uploads\/2019\/03\/Fotolia_579730_Subscription_Monthly_M-150x150.jpg 150w, https:\/\/radkasko.de\/wp-content\/uploads\/2019\/03\/Fotolia_579730_Subscription_Monthly_M-300x300.jpg 300w, https:\/\/radkasko.de\/wp-content\/uploads\/2019\/03\/Fotolia_579730_Subscription_Monthly_M-768x770.jpg 768w, https:\/\/radkasko.de\/wp-content\/uploads\/2019\/03\/Fotolia_579730_Subscription_Monthly_M-100x100.jpg 100w, https:\/\/radkasko.de\/wp-content\/uploads\/2019\/03\/Fotolia_579730_Subscription_Monthly_M.jpg 1377w\" sizes=\"(max-width: 525px) 100vw, 525px\" \/><\/p>\n<p style=\"text-align: left;\"><strong>Unseren umfangreichen Versicherungsschutz k\u00f6nnen wir Ihnen<br \/>\nzu \u00e4usserst\u00a0g\u00fcnstigen Beitr\u00e4gen anbieten:<\/strong><\/p>\n<p style=\"text-align: left;\">Jahresbeitrag bei einer Versicherungssumme (Neuwert des versicherten Gegenstandes + Zubeh\u00f6r)<\/p>\n<ul style=\"text-align: left;\">\n<li>bis \u00a0 \u00a01.000 \u20ac &#8211; \u00a0 Jahresbeitrag \u00a0 \u00a058,00 \u20ac*<\/li>\n<li>bis \u00a0 \u00a01.500 \u20ac &#8211; \u00a0 Jahresbeitrag \u00a0 \u00a094,00 \u20ac*<\/li>\n<li>bis \u00a0 \u00a02.500 \u20ac &#8211; \u00a0 Jahresbeitrag \u00a0119,00 \u20ac*<\/li>\n<li>bis \u00a0 \u00a03.500 \u20ac &#8211; \u00a0 Jahresbeitrag \u00a0149,00 \u20ac*<\/li>\n<li>bis \u00a0 \u00a05.000 \u20ac &#8211; \u00a0 Jahresbeitrag \u00a0199,00 \u20ac*<\/li>\n<li>bis \u00a0 \u00a07.500 \u20ac &#8211; \u00a0 Jahresbeitrag \u00a0299,00 \u20ac*<\/li>\n<li>bis 10.000 \u20ac &#8211; \u00a0 Jahresbeitrag \u00a0399,00 \u20ac*<\/li>\n<li>\u00fcber 10.000 \u20ac &#8211; auf Anfrage<\/li>\n<\/ul>\n<p style=\"text-align: left;\">Beitragsnachlass bei Ausschluss des Diebstahlrisikos -25%<\/p>\n<p style=\"text-align: left;\"><strong>Mindestbeitrag \u00a058,00 \u20ac* im Jahr, umgerechnet also unter 4,90 \u20ac im Monat!<br \/>\n<\/strong><\/p>\n<p style=\"text-align: left;\">Zuschlag f\u00fcr die Vereinbarung von optionalen Klauseln:<\/p>\n<ul style=\"text-align: left;\">\n<li>Klausel PRK2014-Z-0100 &#8211; Rennklausel \u202825 % auf den Nettobeitrag<\/li>\n<li><span style=\"line-height: 1.5;\">Klausel PRK2014-Z-0101 &#8211; Gewerbliche Vermietungsklausel \u202825 % auf den Nettobeitrag<\/span><\/li>\n<li>Klausel PRK2016-003 &#8211; Rollstuhlklausel 50% auf den Nettobeitrag<\/li>\n<\/ul>\n<p style=\"text-align: left;\"><span style=\"line-height: 1.5;\"><strong>Haben Sie unsere Leistungen \u00fcberzeugt ?<\/strong><br \/>\nDen Antrag k\u00f6nnen Sie hier downloaden:<br \/>\n<a href=\"http:\/\/radkasko.de\/wp-content\/uploads\/2024\/12\/Antrag-RADkasko-DSGVO-05-2018-FORMULAR-Offline-AdH.pdf\" target=\"_blank\" rel=\"noopener noreferrer\">Antrag Radkasko<\/a><br \/>\n<a href=\"http:\/\/radkasko.de\/wp-content\/uploads\/2024\/12\/ONLINE-Antrag-RADkasko-04-2019-FORMULAR-inkl-AVB.pdf\" target=\"_blank\" rel=\"noopener noreferrer\">Online Antrag Radkasko<\/a><\/span><\/p>\n<p style=\"text-align: left;\">* = Brutto inklusive der gesetzlichen Versicherungssteuer<br \/>\n(in Deutschland z.Z. 19%)<\/p>\n<p><strong>Gerne senden wir Ihnen auch ein individuelles Angebot<br \/>\n<\/strong>Senden Sie uns dazu einfach das nachstehende Formular:<\/p>\n<p style=\"text-align: left;\"><style id=\"wpforms-css-vars-250\">\n\t\t\t\t#wpforms-250 {\n\t\t\t\t\n\t\t\t}\n\t\t\t<\/style><div class=\"wpforms-container wpforms-container-full wpforms-render-modern\" id=\"wpforms-250\"><form id=\"wpforms-form-250\" class=\"wpforms-validate wpforms-form wpforms-ajax-form\" data-formid=\"250\" method=\"post\" enctype=\"multipart\/form-data\" action=\"\/index.php?rest_route=%2Fwp%2Fv2%2Fpages%2F103\" data-token=\"61c1c5d35bac2320ba93f0ede2aa67be\" data-token-time=\"1777384567\"><noscript class=\"wpforms-error-noscript\">Bitte aktiviere JavaScript in deinem Browser, um dieses Formular fertigzustellen.<\/noscript><div id=\"wpforms-error-noscript\" style=\"display: none;\">Bitte aktiviere JavaScript in deinem Browser, um dieses Formular fertigzustellen.<\/div><div class=\"wpforms-field-container\"><div id=\"wpforms-250-field_6-container\" class=\"wpforms-field wpforms-field-text\" data-field-id=\"6\"><label class=\"wpforms-field-label\" for=\"wpforms-250-field_6\">Ihr Name:<\/label><input type=\"text\" id=\"wpforms-250-field_6\" class=\"wpforms-field-medium\" name=\"wpforms[fields][6]\" aria-errormessage=\"wpforms-250-field_6-error\" ><\/div><div id=\"wpforms-250-field_1-container\" class=\"wpforms-field wpforms-field-select wpforms-field-select-style-classic\" data-field-id=\"1\"><label class=\"wpforms-field-label\" for=\"wpforms-250-field_1\">Wof\u00fcr w\u00fcnschen Sie ein Angebot?<\/label><select id=\"wpforms-250-field_1\" class=\"wpforms-field-medium\" name=\"wpforms[fields][1]\"><option value=\"Fahrrad\" >Fahrrad<\/option><option value=\"Pedilac\" >Pedilac<\/option><option value=\"e-Bike\" >e-Bike<\/option><option value=\"Velomobil\" >Velomobil<\/option><option value=\"e-Scouter\" >e-Scouter<\/option><option value=\"Krankenfahrstuhl\" >Krankenfahrstuhl<\/option><option value=\"Sonstige (Bitte in Kommentar beschreiben)\" >Sonstige (Bitte in Kommentar beschreiben)<\/option><\/select><\/div><div id=\"wpforms-250-field_2-container\" class=\"wpforms-field wpforms-field-text\" data-field-id=\"2\"><label class=\"wpforms-field-label\" for=\"wpforms-250-field_2\">Ihre e-Mailadresse: <span class=\"wpforms-required-label\" aria-hidden=\"true\">*<\/span><\/label><input type=\"text\" id=\"wpforms-250-field_2\" class=\"wpforms-field-medium wpforms-field-required\" name=\"wpforms[fields][2]\" aria-errormessage=\"wpforms-250-field_2-error\" required><\/div><div id=\"wpforms-250-field_3-container\" class=\"wpforms-field wpforms-field-text\" data-field-id=\"3\"><label class=\"wpforms-field-label\" for=\"wpforms-250-field_3\">Ihre Rufnummer f\u00fcr R\u00fcckfragen:<\/label><input type=\"text\" id=\"wpforms-250-field_3\" class=\"wpforms-field-medium\" name=\"wpforms[fields][3]\" aria-errormessage=\"wpforms-250-field_3-error\" ><\/div><div id=\"wpforms-250-field_4-container\" class=\"wpforms-field wpforms-field-text\" data-field-id=\"4\"><label class=\"wpforms-field-label\" for=\"wpforms-250-field_4\">Wert der zu versichernden Sache: <span class=\"wpforms-required-label\" aria-hidden=\"true\">*<\/span><\/label><input type=\"text\" id=\"wpforms-250-field_4\" class=\"wpforms-field-medium wpforms-field-required\" name=\"wpforms[fields][4]\" aria-errormessage=\"wpforms-250-field_4-error\" required><\/div><div id=\"wpforms-250-field_5-container\" class=\"wpforms-field wpforms-field-textarea\" data-field-id=\"5\"><label class=\"wpforms-field-label\" for=\"wpforms-250-field_5\">M\u00f6chten Sie uns noch etwas mitteilen?<\/label><textarea id=\"wpforms-250-field_5\" class=\"wpforms-field-medium\" name=\"wpforms[fields][5]\" aria-errormessage=\"wpforms-250-field_5-error\" ><\/textarea><\/div><\/div><!-- .wpforms-field-container --><div class=\"wpforms-recaptcha-container wpforms-is-recaptcha wpforms-is-recaptcha-type-v3\" ><input type=\"hidden\" name=\"wpforms[recaptcha]\" value=\"\"><\/div><div class=\"wpforms-submit-container\" ><input type=\"hidden\" name=\"wpforms[id]\" value=\"250\"><input type=\"hidden\" name=\"page_title\" value=\"\"><input type=\"hidden\" name=\"page_url\" value=\"https:\/\/radkasko.de\/index.php?rest_route=\/wp\/v2\/pages\/103\"><input type=\"hidden\" name=\"url_referer\" value=\"\"><button type=\"submit\" name=\"wpforms[submit]\" id=\"wpforms-submit-250\" class=\"wpforms-submit\" data-alt-text=\"Wird gesendet\u00a0\u2026\" data-submit-text=\"Angebot anfragen\" aria-live=\"assertive\" value=\"wpforms-submit\">Angebot anfragen<\/button><img src=\"https:\/\/radkasko.de\/wp-content\/plugins\/wpforms-lite\/assets\/images\/submit-spin.svg\" class=\"wpforms-submit-spinner\" style=\"display: none;\" width=\"26\" height=\"26\" alt=\"Wird geladen\"><\/div><\/form><\/div>  <!-- .wpforms-container --><\/p>\n<p>&nbsp;<\/p>\n","protected":false},"excerpt":{"rendered":"<p>&nbsp; Unseren umfangreichen Versicherungsschutz k\u00f6nnen wir Ihnen zu \u00e4usserst\u00a0g\u00fcnstigen Beitr\u00e4gen anbieten: Jahresbeitrag bei einer Versicherungssumme (Neuwert des versicherten Gegenstandes + Zubeh\u00f6r) bis \u00a0 \u00a01.000 \u20ac &#8211; \u00a0 Jahresbeitrag \u00a0 \u00a058,00 \u20ac* bis \u00a0 \u00a01.500 \u20ac &#8211; \u00a0 Jahresbeitrag \u00a0 \u00a094,00 \u20ac* bis \u00a0 \u00a02.500 \u20ac &#8211; \u00a0 Jahresbeitrag \u00a0119,00 \u20ac* bis \u00a0 \u00a03.500 \u20ac &#8211; &hellip; <\/p>\n<p class=\"link-more\"><a href=\"https:\/\/radkasko.de\/?page_id=103\" class=\"more-link\"><span class=\"screen-reader-text\">\u201eKosten\u201c<\/span> weiterlesen<\/a><\/p>\n","protected":false},"author":1,"featured_media":0,"parent":0,"menu_order":300,"comment_status":"closed","ping_status":"closed","template":"","meta":{"footnotes":""},"aioseo_notices":[],"_links":{"self":[{"href":"https:\/\/radkasko.de\/index.php?rest_route=\/wp\/v2\/pages\/103"}],"collection":[{"href":"https:\/\/radkasko.de\/index.php?rest_route=\/wp\/v2\/pages"}],"about":[{"href":"https:\/\/radkasko.de\/index.php?rest_route=\/wp\/v2\/types\/page"}],"author":[{"embeddable":true,"href":"https:\/\/radkasko.de\/index.php?rest_route=\/wp\/v2\/users\/1"}],"replies":[{"embeddable":true,"href":"https:\/\/radkasko.de\/index.php?rest_route=%2Fwp%2Fv2%2Fcomments&post=103"}],"version-history":[{"count":14,"href":"https:\/\/radkasko.de\/index.php?rest_route=\/wp\/v2\/pages\/103\/revisions"}],"predecessor-version":[{"id":279,"href":"https:\/\/radkasko.de\/index.php?rest_route=\/wp\/v2\/pages\/103\/revisions\/279"}],"wp:attachment":[{"href":"https:\/\/radkasko.de\/index.php?rest_route=%2Fwp%2Fv2%2Fmedia&parent=103"}],"curies":[{"name":"wp","href":"https:\/\/api.w.org\/{rel}","templated":true}]}}