{"id":107,"date":"2019-03-18T09:03:58","date_gmt":"2019-03-18T09:03:58","guid":{"rendered":"http:\/\/radkasko.de\/?page_id=107"},"modified":"2019-04-18T09:19:12","modified_gmt":"2019-04-18T09:19:12","slug":"kundenmeinungen","status":"publish","type":"page","link":"https:\/\/radkasko.de\/?page_id=107","title":{"rendered":"Kundenmeinungen"},"content":{"rendered":"<p>&nbsp;<\/p>\n<p><!-- ProvenExpert Bewertungssiegel --><br \/>\n<a style=\"text-decoration: none;\" title=\"Erfahrungen &amp; Bewertungen zu SKP Versicherungsmakler anzeigen\" href=\"https:\/\/www.provenexpert.com\/skp-versicherungsmakler\/?utm_source=Widget&amp;utm_medium=Widget&amp;utm_campaign=Widget\" target=\"_blank\" rel=\"noopener noreferrer\"><img decoding=\"async\" loading=\"lazy\" class=\"aligncenter\" style=\"border: 0;\" src=\"https:\/\/images.provenexpert.com\/90\/83\/3eb2cf7c90dbf14adb13e43f6d84\/widget_portrait_180_1.png\" alt=\"Erfahrungen &amp; Bewertungen zu SKP Versicherungsmakler\" width=\"180\" height=\"216\" \/><\/a><br \/>\n<!-- ProvenExpert Bewertungssiegel Ende --><\/p>\n<p><strong>Hier finden Sie einige Kundenstimmen zu unserem Service und unserer Schadenabwicklung die uns unaufgefordert \u00fcbersandt wurden:<\/strong><\/p>\n<p>&nbsp;<\/p>\n<p>Vielen Dank f\u00fcr die positive Nachricht der \u00dcbernahme der Kosten f\u00fcr die beiden entwendeten Teile!<br \/>\nDanke auch an Ihre Firma und Herrn P\u00f6pping f\u00fcr die Unterst\u00fctzung bei der Bearbeitung meines Versicherungsfalles!<\/p>\n<p>Mit freundlichen Gr\u00fc\u00dfen<br \/>\nManfred D.<\/p>\n<p>\u2014\u2014<\/p>\n<p>Was soll ich sagen, schnell und unkompliziert, besser geht\u2019s nicht.<\/p>\n<p>Mit freundlichen Gr\u00fc\u00dfen<br \/>\nJ\u00f6rg K.<\/p>\n<p>\u2014\u2014<\/p>\n<p>Das sind sehr gute Nachricht!<\/p>\n<p>Vielen vielen Dank f\u00fcr Ihre Hilfe!<\/p>\n<p>mit freundlichen Gr\u00fc\u00dfen,<br \/>\nJakob L.<\/p>\n<p>\u2014\u2014<\/p>\n<p>ich freue mich sehr, dass die Versicherung den Schaden tr\u00e4gt. Haben Sie vielen Dank, ich wei\u00df Ihren Service zu sch\u00e4tzen.<\/p>\n<p>Beste Gr\u00fc\u00dfe<br \/>\nRicardo S<\/p>\n<p>\u2014\u2014<\/p>\n<p>Danke f\u00fcr die z\u00fcgige Abwicklung.<\/p>\n<p>Hans-Georg L.<\/p>\n<p>\u2014\u2014<\/p>\n<p>vielen Dank, hat alles bestens geklappt.<\/p>\n<p>Mit freundlichen Gr\u00fc\u00dfen<br \/>\nHolger A.<\/p>\n<p>\u2014\u2014<\/p>\n<p>herzlichen Dank f\u00fcr Ihr Entgegenkommen &#8211; das ist nicht selbstverst\u00e4ndlich!<\/p>\n<p>Habe mich gefreut &#8211; hoffe, dass ich Sie nicht allzuoft in Anspruch nehmen muss!<\/p>\n<p>Mit freundlichen Gr\u00fc\u00dfen aus Hamburg!!<br \/>\nR. K.<\/p>\n<p>&nbsp;<\/p>\n<p>\u2014\u2014<\/p>\n<p>das Geld ist angekommen.<br \/>\nIch m\u00f6chte Ihnen auch noch f\u00fcr die allzeit reibungslose und vor allem pers\u00f6nlich-nette Abwicklung danken! Man geht jedesmal mit einem L\u00e4cheln aus den Telefonaten mit Ihnen! Vielen Dank hierf\u00fcr! \ud83d\ude42<\/p>\n<p>Mit freundlichen Gr\u00fc\u00dfen<br \/>\nKeno Sch.<\/p>\n<p>\u2014\u2014<\/p>\n<p>Besten Dank f\u00fcr die erfreuliche Nachricht.<br \/>\nDie durchwegs positiven Erfahrungsberichte \u00fcber Ihr B\u00fcro in diversen einschl\u00e4gigen Foren sind nicht \u00fcbertrieben.<\/p>\n<p>Liebe Gr\u00fc\u00dfe aus \u00d6sterreich<br \/>\nOliver H.<\/p>\n<p>\u2014\u2014<\/p>\n<p>vielen Dank f\u00fcr Ihre Nachricht und die prompte und unkomplizierte Abwicklung.<\/p>\n<p>Mit freundlichem Gru\u00df<br \/>\nK. L.<\/p>\n<p>\u2014\u2014<\/p>\n<p>vielen Dank\u2026. volle Zufriedenheit.<\/p>\n<p>Netter Gruss<br \/>\nSabine A.<\/p>\n<p>\u2014\u2014<\/p>\n<p>vielen Dank f\u00fcr die schnelle und unkomplizierte Abwicklung des Schadenfalles.<\/p>\n<p>Viele Gr\u00fc\u00dfe<br \/>\nA. Sch.<\/p>\n<p>\u2014\u2014<\/p>\n<p>Vielen Dank f\u00fcr den guten Support!<\/p>\n<p>Mit freundlichen gr\u00fc\u00dfen<br \/>\nChristian C.<\/p>\n<p>\u2014\u2014\u2014<\/p>\n<p>ich hatte ja fast ein schlechtes Gewissen nach dem Diebstahl im Sommer (bin seitdem immer panisch darauf bedacht, alles mitzuschleppen;-)), umso zufriedener bin nun wieder nach dem Blitzschaden. Empfehle sie auch immer weiter (sie m\u00fcssten dadurch schon 3-4 Neukunden gewonnen haben;-)). Also vielen Dank nochmal!!<\/p>\n<p>MfG &amp; einen sch\u00f6nen Fu\u00dfballabend w\u00fcnscht<br \/>\nMiklas S.<\/p>\n<p>\u2014\u2014<\/p>\n<p>ja, sie haben mich voll zufrieden gestellt. Ich empfehle ihre Versicherung auch gerne weiter!<\/p>\n<p>Viele Gr\u00fc\u00dfe,<br \/>\nArmin D.<\/p>\n<p>\u2014\u2014<\/p>\n<p>Vielen Dank. Ich bin sehr zufrieden mit der Abwicklung. Die Zahlung habe ich erhalten.<\/p>\n<p>Viele Gr\u00fc\u00dfe<br \/>\nRainer U.<\/p>\n<p>\u2014\u2014<\/p>\n<p>vielen Dank f\u00fcr Ihre R\u00fcckmeldung, und auch vielen Dank f\u00fcr Ihr erfolgreiches Bem\u00fchen. Ich bin froh, meine Versicherung bei Ihnen abgeschlossen zu haben und werde demn\u00e4chst noch einige weitere (Neu)Teile in die Versicherung mit einschlie\u00dfen.<\/p>\n<p>Freundliche Gr\u00fc\u00dfe<br \/>\nTill E.<\/p>\n<p>\u2014\u2014<\/p>\n<p>ich habe den Betrag erhalten.<br \/>\nHaben Sie vielen Dank f\u00fcr die schnelle und unkomplitzierte Abwicklung.<\/p>\n<p>Freundliche Gr\u00fc\u00dfe,<br \/>\nS. B.<\/p>\n<p>\u2014\u2014<\/p>\n<p>haben Sie herzlichen Dank f\u00fcr Ihre Nachricht und die schnelle, freundliche und kompetente Abwicklung. Ein Grund mehr, Sie &#8211; wie schon bisher &#8211; verst\u00e4rkt weiter zu empfehlen.<\/p>\n<p>Beste Gr\u00fc\u00dfe<br \/>\nMarkus D.<\/p>\n","protected":false},"excerpt":{"rendered":"<p>&nbsp; Hier finden Sie einige Kundenstimmen zu unserem Service und unserer Schadenabwicklung die uns unaufgefordert \u00fcbersandt wurden: &nbsp; Vielen Dank f\u00fcr die positive Nachricht der \u00dcbernahme der Kosten f\u00fcr die beiden entwendeten Teile! Danke auch an Ihre Firma und Herrn P\u00f6pping f\u00fcr die Unterst\u00fctzung bei der Bearbeitung meines Versicherungsfalles! Mit freundlichen Gr\u00fc\u00dfen Manfred D. \u2014\u2014 &hellip; <\/p>\n<p class=\"link-more\"><a href=\"https:\/\/radkasko.de\/?page_id=107\" class=\"more-link\"><span class=\"screen-reader-text\">\u201eKundenmeinungen\u201c<\/span> weiterlesen<\/a><\/p>\n","protected":false},"author":1,"featured_media":0,"parent":0,"menu_order":400,"comment_status":"closed","ping_status":"closed","template":"","meta":{"footnotes":""},"aioseo_notices":[],"_links":{"self":[{"href":"https:\/\/radkasko.de\/index.php?rest_route=\/wp\/v2\/pages\/107"}],"collection":[{"href":"https:\/\/radkasko.de\/index.php?rest_route=\/wp\/v2\/pages"}],"about":[{"href":"https:\/\/radkasko.de\/index.php?rest_route=\/wp\/v2\/types\/page"}],"author":[{"embeddable":true,"href":"https:\/\/radkasko.de\/index.php?rest_route=\/wp\/v2\/users\/1"}],"replies":[{"embeddable":true,"href":"https:\/\/radkasko.de\/index.php?rest_route=%2Fwp%2Fv2%2Fcomments&post=107"}],"version-history":[{"count":1,"href":"https:\/\/radkasko.de\/index.php?rest_route=\/wp\/v2\/pages\/107\/revisions"}],"predecessor-version":[{"id":108,"href":"https:\/\/radkasko.de\/index.php?rest_route=\/wp\/v2\/pages\/107\/revisions\/108"}],"wp:attachment":[{"href":"https:\/\/radkasko.de\/index.php?rest_route=%2Fwp%2Fv2%2Fmedia&parent=107"}],"curies":[{"name":"wp","href":"https:\/\/api.w.org\/{rel}","templated":true}]}}