{"id":164,"date":"2019-05-27T13:05:23","date_gmt":"2019-05-27T13:05:23","guid":{"rendered":"http:\/\/radkasko.de\/?page_id=164"},"modified":"2019-08-14T09:52:11","modified_gmt":"2019-08-14T09:52:11","slug":"e-scooter","status":"publish","type":"page","link":"https:\/\/radkasko.de\/?page_id=164","title":{"rendered":"e-Scooter"},"content":{"rendered":"<p><img decoding=\"async\" loading=\"lazy\" class=\"aligncenter wp-image-156 size-large\" src=\"http:\/\/radkasko.de\/wp-content\/uploads\/2019\/04\/AdobeStock_200860950-e1556186585659-1024x1024.jpeg\" alt=\"\" width=\"525\" height=\"525\" srcset=\"https:\/\/radkasko.de\/wp-content\/uploads\/2019\/04\/AdobeStock_200860950-e1556186585659-1024x1024.jpeg 1024w, https:\/\/radkasko.de\/wp-content\/uploads\/2019\/04\/AdobeStock_200860950-e1556186585659-150x150.jpeg 150w, https:\/\/radkasko.de\/wp-content\/uploads\/2019\/04\/AdobeStock_200860950-e1556186585659-300x300.jpeg 300w, https:\/\/radkasko.de\/wp-content\/uploads\/2019\/04\/AdobeStock_200860950-e1556186585659-768x768.jpeg 768w, https:\/\/radkasko.de\/wp-content\/uploads\/2019\/04\/AdobeStock_200860950-e1556186585659-100x100.jpeg 100w\" sizes=\"(max-width: 525px) 100vw, 525px\" \/><\/p>\n<h1>Sie nutzen einen e-Tretroller?<\/h1>\n<p>Denken Sie an die <strong>Versicherungspflicht<\/strong> f\u00fcr diese praktischen Flitzer!<\/p>\n<p>Wir k\u00f6nnen Ihnen die Haftpflichtversicherung f\u00fcr Ihren Elektrotretroller<br \/>\nzu \u00e4usserst g\u00fcnstigen Konditionen anbieten:<\/p>\n<p style=\"text-align: center;\"><a href=\"http:\/\/radkasko.de\/wp-content\/uploads\/2019\/08\/GA215_p.pdf\">Tretroller-Tarif 2019\/20<\/a><\/p>\n<p>Versichern Sie Ihren Elektroscooter \u00fcber unsere Radkasko gegen Sturz-,<br \/>\nDiebstahl- und Vandalismussch\u00e4den ab nur 4,89 \u20ac im Monat. Also gegen praktisch alle Risiken denen das gute St\u00fcck ausgesetzt ist.<\/p>\n<p>N\u00e4here Infos zur Kaskoversicherung finden Sie unter folgenden Links:<\/p>\n<p style=\"text-align: center;\"><a href=\"http:\/\/radkasko.de\/?page_id=72\">Versicherungsumfang<\/a><br \/>\n<a href=\"http:\/\/radkasko.de\/?page_id=103\">Beitr\u00e4ge<\/a><\/p>\n<h4>Weiter Infos zur e-Scooter Versicherung<\/h4>\n<div class=\"row\">\n<div class=\"columns small-12 article__newsblock paragraph paragraph--large\">\n<h3>1.\u00a0Welche Voraussetzungen muss ein E-Scooter erf\u00fcllen, um am \u00f6ffentlichen Stra\u00dfenverkehr teilzunehmen?<\/h3>\n<\/div>\n<\/div>\n<div class=\"row\">\n<div class=\"columns small-12 article__newsblock paragraph paragraph--large\">\n<p><em>Zun\u00e4chst braucht der E-Scooter eine Allgemeine Betriebserlaubnis oder eine Einzelbetriebserlaubnis. Au\u00dferdem besteht f\u00fcr E-Scooter eine <strong>Versicherungspflicht<\/strong>. F\u00fcr jeden Scooter muss eine eigene Kfz-Haftpflichtversicherung abgeschlossen werden.<\/em><\/p>\n<div class=\"row\">\n<div class=\"columns small-12 article__newsblock paragraph paragraph--large\">\n<h3>2.\u00a0Brauche ich ein eigenes Kennzeichen?<\/h3>\n<\/div>\n<\/div>\n<div class=\"row\">\n<div class=\"columns small-12 article__newsblock paragraph paragraph--large\">\n<p><em>Ja, f\u00fcr den E-Scooter ist eine selbstklebende <strong>Versicherungsplakette<\/strong> Pflicht. Ohne eine aufgeklebte Versicherungsplakette d\u00fcrfen die elektrischen Roller nicht auf \u00f6ffentlichen Stra\u00dfen oder Pl\u00e4tzen gefahren werden.<\/em><\/p>\n<div class=\"row\">\n<div class=\"columns small-12 article__newsblock paragraph paragraph--large\">\n<h3>3. Wo und wie schnell und bekomme ich das Kennzeichen?<\/h3>\n<\/div>\n<\/div>\n<div class=\"row\">\n<div class=\"columns small-12 article__newsblock paragraph paragraph--large\">\n<p><em>Sobald die Verordnung in Kraft\u00a0tritt, ist die Versicherungsplakette \u00a0hier\u00a0erh\u00e4ltlich. Die Plakette geht Ihnen f\u00fcr gew\u00f6hnlich innerhalb eines<br \/>\nWerktages per Briefpost zu.<\/em><\/p>\n<div class=\"row\">\n<div class=\"columns small-12 article__newsblock paragraph paragraph--large\">\n<h3>4. Was passiert, wenn ich ohne Versicherungsplakette unterwegs bin?<\/h3>\n<\/div>\n<\/div>\n<div class=\"row\">\n<div class=\"columns small-12 article__newsblock paragraph paragraph--large\">\n<p><em>Wer einen Elektro-Scooter ohne Versicherungsplakette bzw. ohne die notwendige Haftpflichtversicherung auf \u00f6ffentlichen Wegen oder Pl\u00e4tzen verwendet, macht sich strafbar und riskiert empfindliche Strafen.<\/em><\/p>\n<p><em><span style=\"font-size: 1rem;\">Und: Nach einem Unfall kann es unter Umst\u00e4nden zu hohen Schadenersatzforderungen kommen, die der Fahrer in diesem Fall aus eigener Tasche bezahlen muss.<\/span><\/em><\/p>\n<div class=\"row\">\n<div class=\"columns small-12 article__newsblock paragraph paragraph--large\">\n<h3>5. Was passiert, wenn ich mit meinem Elektro Tretroller einen Unfall verursache?<\/h3>\n<\/div>\n<\/div>\n<div class=\"row\">\n<div class=\"columns small-12 article__newsblock paragraph paragraph--large\">\n<p><em>Die Kfz-Haftpflichtversicherung kommt f\u00fcr den entstandenen Schaden beim Unfallgegner auf. Mit Hilfe einer Unfallversicherung lassen sich die Folgen von eigenen Verletzungen nach einem Unfall absichern.<\/em><\/p>\n<div class=\"row\">\n<div class=\"columns small-12 article__newsblock paragraph paragraph--large\">\n<h3>6. Kann ein minderj\u00e4hriger Fahrer eine eigene Versicherung abschlie\u00dfen?<\/h3>\n<\/div>\n<\/div>\n<div class=\"row\">\n<div class=\"columns small-12 article__newsblock paragraph paragraph--large\">\n<p><em>Eine minderj\u00e4hrige Person kann eine Versicherung nur mit Einwilligung der Eltern abschlie\u00dfen.<\/em><\/p>\n<div class=\"row\">\n<div class=\"columns small-12 article__newsblock paragraph paragraph--large\">\n<h3>7. Kann ich den E-Tretroller in eine bestehende Kfz-Haftpflichtversicherung integrieren?<\/h3>\n<\/div>\n<\/div>\n<div class=\"row\">\n<div class=\"columns small-12 article__newsblock paragraph paragraph--large\">\n<p><em>Nein, der E-Scooter ist ein eigenst\u00e4ndiges Fahrzeug und braucht daher auch eine eigenst\u00e4ndige Kfz-Versicherung.<\/em><\/p>\n<div class=\"row\">\n<div class=\"columns small-12 article__newsblock paragraph paragraph--large\">\n<h3>8. Warum sch\u00fctzt die private Haftpflichtversicherung nicht, wie beim Pedelec?<\/h3>\n<\/div>\n<\/div>\n<div class=\"row\">\n<div class=\"columns small-12 article__newsblock paragraph paragraph--large\">\n<p><em>F\u00e4hrt man mit einem Pedelec oder E-Bike, muss man selbst noch in die Pedale treten, der Motor unterst\u00fctzt nur die Tretkraft des Radfahrers. Daher gilt das Pedelec nicht als Kraftfahrzeug, sondern als Fahrrad. Anders beim E-Scooter, den man auch fahren kann, ohne eigene Kraft aufzuwenden. F\u00fcr solche<br \/>\n(Kraft-)Fahrzeuge verlangt der Gesetzgeber eine separate Versicherung.<\/em><\/p>\n<div class=\"row\">\n<div class=\"columns small-12 article__newsblock paragraph paragraph--large\">\n<h3>9. Besteht eine Helmpflicht f\u00fcr die E-Scooter?<\/h3>\n<\/div>\n<\/div>\n<div class=\"row\">\n<div class=\"columns small-12 article__newsblock paragraph paragraph--large\">\n<p><em>Nein. Aus reinem Eigenschutz sollte aber jeder Fahrer eines Elektro-Scooters einen Helm tragen.<\/em><\/p>\n<div class=\"row\">\n<div class=\"columns small-12 article__newsblock paragraph paragraph--large\">\n<h3>10.\u00a0Welche Folgen hat es f\u00fcr den Versicherungsschutz, wenn ich meinen Elektro-Scooter verleihe?<\/h3>\n<\/div>\n<\/div>\n<div class=\"row\">\n<div class=\"columns small-12 article__newsblock paragraph paragraph--large\">\n<p><em>Der Versicherungsschutz gilt auch in diesen F\u00e4llen. Wichtig ist, dass der Halter des elektrischen Tretrollers eine Versicherung abgeschlossen hat.<\/em><\/p>\n<div class=\"row\">\n<div class=\"columns small-12 article__newsblock paragraph paragraph--large\">\n<h3>11. Was passiert, wenn ich meinen E-Scooter tune und mit diesem einen Unfall verursache?<\/h3>\n<\/div>\n<\/div>\n<div class=\"row\">\n<div class=\"columns small-12 article__newsblock paragraph paragraph--large\">\n<p><em>Das Unfallopfer bekommt im Schadensfall Schadenersatz von der Kfz-Haftpflicht. Der Fahrer des E-Scooters muss aber mit strafrechtlichen Konsequenzen und Regressforderungen seiner Versicherung rechnen.<\/em><\/p>\n<div class=\"row\">\n<div class=\"columns small-12 article__newsblock paragraph paragraph--large\">\n<h3>12.\u00a0Ich besitze bereits einen E-Scooter. Kann ich den einfach anmelden und versichern?<\/h3>\n<\/div>\n<\/div>\n<div class=\"row\">\n<div class=\"columns small-12 article__newsblock paragraph paragraph--large\">\n<p>Das kommt darauf an. Die M\u00f6glichkeit, den Elektroroller zu versichern, h\u00e4ngt davon ab, ob er f\u00fcr den Stra\u00dfenverkehr zugelassen wird. Rollerbesitzer k\u00f6nnen bei einem amtlich anerkannten Sachverst\u00e4ndigen \u2013 etwa vom T\u00dcV oder der Dekra \u2013 eine so genannte Einzelabnahme beantragen. Diese kann unter Umst\u00e4nden mehrere hundert Euro kosten. Ob der Roller eine Zulassung bekommt, ist aber von Fall zu Fall verschieden: Wenn er nicht der neuen Verordnung entspricht \u2013 weil er zum Beispiel schneller als 20 km\/h fahren kann \u2013 dann muss er f\u00fcr die Zulassung erst technisch umger\u00fcstet werden. F\u00fcr Hersteller gibt es die M\u00f6glichkeit, nach Inkrafttreten der Verordnung eine Allgemeine Betriebserlaubnis (ABE) f\u00fcr ihre bereits gefertigten Roller zu beantragen.<\/p>\n<div class=\"row\">\n<div class=\"columns small-12 article__newsblock paragraph paragraph--large\">\n<h3>13.\u00a0Ich will meinen elektrischen Roller in den Urlaub mitnehmen. Gilt die Versicherung auch im Ausland?<\/h3>\n<\/div>\n<\/div>\n<div class=\"row\">\n<div class=\"columns small-12 article__newsblock paragraph paragraph--large\">\n<p><em>Der Versicherungsschutz gilt in den Staaten der Europ\u00e4ischen Union, allerdings sollte man sich von seiner Versicherung eine internationale Versicherungsbest\u00e4tigung (&#8222;Gr\u00fcne Versicherungskarte&#8220;) mitgeben lassen und ein D-Schild am Roller befestigen. Zudem sollte man sich vor Reiseantritt erkundigen, ob im Stra\u00dfenverkehr des Urlaubslandes Elektro-Scooter erlaubt sind.<\/em><\/p>\n<div class=\"row\">\n<div class=\"columns small-12 article__newsblock paragraph paragraph--large\">\n<h3>14. Darf ich meinen E-Scooter mit in den Bus oder den Zug nehmen?<\/h3>\n<\/div>\n<\/div>\n<div class=\"row\">\n<div class=\"columns small-12 article__newsblock paragraph paragraph--large\">\n<p><em>Das h\u00e4ngt von der Bef\u00f6rderungsordnung der jeweiligen Verkehrsbetriebe ab, ob ich das Fahrzeug mitnehmen darf oder nicht.<\/em><\/p>\n<p>&nbsp;<\/p>\n<\/div>\n<\/div>\n<\/div>\n<\/div>\n<\/div>\n<\/div>\n<\/div>\n<\/div>\n<p>&nbsp;<\/p>\n<\/div>\n<\/div>\n<\/div>\n<\/div>\n<\/div>\n<\/div>\n<\/div>\n<\/div>\n<\/div>\n<\/div>\n<\/div>\n<\/div>\n<\/div>\n<\/div>\n<\/div>\n<\/div>\n<\/div>\n<\/div>\n<\/div>\n<\/div>\n","protected":false},"excerpt":{"rendered":"<p>Sie nutzen einen e-Tretroller? Denken Sie an die Versicherungspflicht f\u00fcr diese praktischen Flitzer! Wir k\u00f6nnen Ihnen die Haftpflichtversicherung f\u00fcr Ihren Elektrotretroller zu \u00e4usserst g\u00fcnstigen Konditionen anbieten: Tretroller-Tarif 2019\/20 Versichern Sie Ihren Elektroscooter \u00fcber unsere Radkasko gegen Sturz-, Diebstahl- und Vandalismussch\u00e4den ab nur 4,89 \u20ac im Monat. Also gegen praktisch alle Risiken denen das gute St\u00fcck &hellip; <\/p>\n<p class=\"link-more\"><a href=\"https:\/\/radkasko.de\/?page_id=164\" class=\"more-link\"><span class=\"screen-reader-text\">\u201ee-Scooter\u201c<\/span> weiterlesen<\/a><\/p>\n","protected":false},"author":1,"featured_media":0,"parent":0,"menu_order":500,"comment_status":"closed","ping_status":"closed","template":"","meta":{"footnotes":""},"aioseo_notices":[],"_links":{"self":[{"href":"https:\/\/radkasko.de\/index.php?rest_route=\/wp\/v2\/pages\/164"}],"collection":[{"href":"https:\/\/radkasko.de\/index.php?rest_route=\/wp\/v2\/pages"}],"about":[{"href":"https:\/\/radkasko.de\/index.php?rest_route=\/wp\/v2\/types\/page"}],"author":[{"embeddable":true,"href":"https:\/\/radkasko.de\/index.php?rest_route=\/wp\/v2\/users\/1"}],"replies":[{"embeddable":true,"href":"https:\/\/radkasko.de\/index.php?rest_route=%2Fwp%2Fv2%2Fcomments&post=164"}],"version-history":[{"count":10,"href":"https:\/\/radkasko.de\/index.php?rest_route=\/wp\/v2\/pages\/164\/revisions"}],"predecessor-version":[{"id":197,"href":"https:\/\/radkasko.de\/index.php?rest_route=\/wp\/v2\/pages\/164\/revisions\/197"}],"wp:attachment":[{"href":"https:\/\/radkasko.de\/index.php?rest_route=%2Fwp%2Fv2%2Fmedia&parent=164"}],"curies":[{"name":"wp","href":"https:\/\/api.w.org\/{rel}","templated":true}]}}