{"id":4,"date":"2019-03-18T07:21:21","date_gmt":"2019-03-18T07:21:21","guid":{"rendered":"http:\/\/radkasko.de\/?page_id=4"},"modified":"2024-12-27T13:43:24","modified_gmt":"2024-12-27T13:43:24","slug":"poeppings-radkasko","status":"publish","type":"page","link":"https:\/\/radkasko.de\/","title":{"rendered":"Infos"},"content":{"rendered":"<p><img decoding=\"async\" loading=\"lazy\" class=\"wp-image-118 size-medium alignnone\" src=\"http:\/\/radkasko.de\/wp-content\/uploads\/2019\/03\/Radkasko-Logo-Tranparent-eng-300x254.png\" alt=\"\" width=\"300\" height=\"254\" srcset=\"https:\/\/radkasko.de\/wp-content\/uploads\/2019\/03\/Radkasko-Logo-Tranparent-eng-300x254.png 300w, https:\/\/radkasko.de\/wp-content\/uploads\/2019\/03\/Radkasko-Logo-Tranparent-eng-768x651.png 768w, https:\/\/radkasko.de\/wp-content\/uploads\/2019\/03\/Radkasko-Logo-Tranparent-eng-1024x868.png 1024w, https:\/\/radkasko.de\/wp-content\/uploads\/2019\/03\/Radkasko-Logo-Tranparent-eng.png 1488w\" sizes=\"(max-width: 300px) 100vw, 300px\" \/><\/p>\n<p>&nbsp;<\/p>\n<p style=\"text-align: left;\">Versicherungsschutz bei<\/p>\n<ul>\n<li style=\"text-align: left;\"><strong>Sturz<\/strong><\/li>\n<li style=\"text-align: left;\"><strong> Diebstahl<\/strong><\/li>\n<li style=\"text-align: left;\"><strong>Raub<\/strong><\/li>\n<li style=\"text-align: left;\"><strong>Vandalismus<\/strong><\/li>\n<li style=\"text-align: left;\"><strong> \u00dcberspannung<br \/>\n<\/strong><span style=\"font-size: 1rem;\">und vieles mehr<\/span><\/li>\n<\/ul>\n<p style=\"text-align: left;\">f\u00fcr<br \/>\n<strong style=\"font-size: 1rem;\">Fahrr\u00e4der &#8211; Pedelec &#8211; e-Bikes &#8211; Spezialr\u00e4der &#8211; Lastenr\u00e4der<br \/>\n<\/strong><strong style=\"font-size: 1rem;\">\u00a0 \u00a0 \u00a0 \u00a0 \u00a0 \u00a0 Krankenfahrst\u00fchle &#8211; e-Scooter &#8211; Velomobile<\/strong><\/p>\n<h2 style=\"text-align: center;\"><strong>Highlights<\/strong><\/h2>\n<ul>\n<li style=\"text-align: left;\"><strong>G\u00fcnstige Beitr\u00e4ge ab 4,90 \u20ac im Monat \/ 58,00 \u20ac im Jahr<\/strong><\/li>\n<li style=\"text-align: left;\"><strong>Ersatz der Reparaturkosten<\/strong><\/li>\n<li style=\"text-align: left;\"><strong>Neuwertersatz bei Diebstahl und Totalschaden<\/strong><\/li>\n<li style=\"text-align: left;\"><strong>Leihfahrrad w\u00e4hrend der Reparaturzeit<\/strong><\/li>\n<li style=\"text-align: left;\"><strong>Weltweiter Versicherungsschutz<\/strong><\/li>\n<li style=\"text-align: left;\"><strong>Schadenfreiheits-Rabattsystem<\/strong><\/li>\n<li style=\"text-align: left;\"><strong>Keine Laufzeitbegrenzung<\/strong><\/li>\n<li style=\"text-align: left;\"><strong>Unterversicherungsverzicht bis 10%<\/strong><\/li>\n<li style=\"text-align: left;\"><strong>25% Beitragsnachlass bei Ausschluss des Diebstahlrisikos<\/strong><\/li>\n<li style=\"text-align: left;\"><strong>Optionaler Versicherungsschutz bei<\/strong> <strong> Radrennen und f\u00fcr gewerbliche Vermieter<\/strong><\/li>\n<\/ul>\n<p>&nbsp;<\/p>\n<p style=\"text-align: left;\"><strong>Warum sollten Sie eine Radkasko abschlie\u00dfen ?<\/strong><br \/>\nHeutzutage kostet ein gutes Fahrrad leicht einige Hundert oder gar einige Tausend Euro, Ihre Hausratversicherung deckt solche Summen meist nicht ab und wenn ja, ist nur das Diebstahlrisiko mit vielen Einschr\u00e4nkungen gedeckt, nicht aber, wenn Sie das teure Fahrrad selbst bei einem Sturz oder einen Verkehrsunfall besch\u00e4digen. Daf\u00fcr haben wir die RADkasko entwickelt !<\/p>\n<p><img decoding=\"async\" loading=\"lazy\" class=\"aligncenter size-large wp-image-156\" src=\"http:\/\/radkasko.de\/wp-content\/uploads\/2019\/04\/AdobeStock_200860950-e1556186585659-1024x1024.jpeg\" alt=\"\" width=\"525\" height=\"525\" srcset=\"https:\/\/radkasko.de\/wp-content\/uploads\/2019\/04\/AdobeStock_200860950-e1556186585659-1024x1024.jpeg 1024w, https:\/\/radkasko.de\/wp-content\/uploads\/2019\/04\/AdobeStock_200860950-e1556186585659-150x150.jpeg 150w, https:\/\/radkasko.de\/wp-content\/uploads\/2019\/04\/AdobeStock_200860950-e1556186585659-300x300.jpeg 300w, https:\/\/radkasko.de\/wp-content\/uploads\/2019\/04\/AdobeStock_200860950-e1556186585659-768x768.jpeg 768w, https:\/\/radkasko.de\/wp-content\/uploads\/2019\/04\/AdobeStock_200860950-e1556186585659-100x100.jpeg 100w\" sizes=\"(max-width: 525px) 100vw, 525px\" \/><\/p>\n<p style=\"text-align: left;\"><strong>e-Scooter und Segways gern gesehen\u00a0!<\/strong><br \/>\nZus\u00e4tzlich zu Fahrr\u00e4dern und e-Bikes k\u00f6nnen \u00fcber die RADkasko auch<br \/>\nElektro Tretroller und Segways versichert werden. Diese immer beliebter werdenden Fortbewegungsmittel sind sonst kaum am deutschen Versicherungsmarkt versicherbar. Hier finden Sie f\u00fcr Ihr hochwertiges Ger\u00e4t den perfekten Versicherungsschutz.<\/p>\n<p>&nbsp;<\/p>\n<p><img decoding=\"async\" loading=\"lazy\" class=\"aligncenter wp-image-145 size-large\" src=\"http:\/\/radkasko.de\/wp-content\/uploads\/2019\/04\/Velomobil-K-2000pix-1024x850.png\" alt=\"\" width=\"525\" height=\"436\" srcset=\"https:\/\/radkasko.de\/wp-content\/uploads\/2019\/04\/Velomobil-K-2000pix-1024x850.png 1024w, https:\/\/radkasko.de\/wp-content\/uploads\/2019\/04\/Velomobil-K-2000pix-300x249.png 300w, https:\/\/radkasko.de\/wp-content\/uploads\/2019\/04\/Velomobil-K-2000pix-768x637.png 768w, https:\/\/radkasko.de\/wp-content\/uploads\/2019\/04\/Velomobil-K-2000pix.png 2000w\" sizes=\"(max-width: 525px) 100vw, 525px\" \/><\/p>\n<p style=\"text-align: left;\"><strong>Ihr Velomobil k\u00f6nnen Sie ebenfalls sch\u00fctzen<\/strong><br \/>\nIhr komfortables Velomobil mit seiner empfindlichen Verkleidung ist ebenfalls \u00fcber unsere RADkasko versicherbar.<\/p>\n<p>&nbsp;<\/p>\n<p><img decoding=\"async\" loading=\"lazy\" class=\"alignnone wp-image-29 size-large\" src=\"http:\/\/radkasko.de\/wp-content\/uploads\/2019\/03\/Fotolia_82419328_Subscription_Monthly_M-1024x682.jpg\" alt=\"\" width=\"525\" height=\"350\" srcset=\"https:\/\/radkasko.de\/wp-content\/uploads\/2019\/03\/Fotolia_82419328_Subscription_Monthly_M-1024x682.jpg 1024w, https:\/\/radkasko.de\/wp-content\/uploads\/2019\/03\/Fotolia_82419328_Subscription_Monthly_M-300x200.jpg 300w, https:\/\/radkasko.de\/wp-content\/uploads\/2019\/03\/Fotolia_82419328_Subscription_Monthly_M-768x512.jpg 768w, https:\/\/radkasko.de\/wp-content\/uploads\/2019\/03\/Fotolia_82419328_Subscription_Monthly_M.jpg 1688w\" sizes=\"(max-width: 525px) 100vw, 525px\" \/><br \/>\n<strong>Auch Krankenfahrst\u00fchle \/ Rollst\u00fchle sind versicherbar !<\/strong><br \/>\n\u00dcber unsere RADkasko k\u00f6nnen Sie auch Ihren Rollstuhl versichern, egal ob elektrisch angetrieben oder nicht. Der Beitragszuschlag betr\u00e4gt 50%, die Selbstbeteiiligung 15%, mind. 40 \u20ac, max. 400 \u20ac. So k\u00f6nnen Sie Ihre Mobilit\u00e4t bereits ab 7,25 \u20ac im Monat sichern!<\/p>\n<p>&nbsp;<\/p>\n<p style=\"text-align: left;\"><strong>Haben wir Ihr Interesse geweckt ?<\/strong><br \/>\nDie Radkasko k\u00f6nnen Sie einfach mit diesem <a href=\"http:\/\/radkasko.de\/wp-content\/uploads\/2024\/12\/ONLINE-Antrag-RADkasko-04-2019-FORMULAR-inkl-AVB.pdf\" target=\"_blank\" rel=\"noopener noreferrer\">Antragsformular<\/a> beantragen.<\/p>\n<p style=\"text-align: left;\">Bei weiteren Fragen stehen wir Ihnen gerne per Mail (<a href=\"mailto:info@radkasko.de\" target=\"_blank\" rel=\"noopener noreferrer\">info@radkasko.de<\/a>) oder telefonisch unter 0251-789000 zur Verf\u00fcgung.<\/p>\n","protected":false},"excerpt":{"rendered":"<p>&nbsp; Versicherungsschutz bei Sturz Diebstahl Raub Vandalismus \u00dcberspannung und vieles mehr f\u00fcr Fahrr\u00e4der &#8211; Pedelec &#8211; e-Bikes &#8211; Spezialr\u00e4der &#8211; Lastenr\u00e4der \u00a0 \u00a0 \u00a0 \u00a0 \u00a0 \u00a0 Krankenfahrst\u00fchle &#8211; e-Scooter &#8211; Velomobile Highlights G\u00fcnstige Beitr\u00e4ge ab 4,90 \u20ac im Monat \/ 58,00 \u20ac im Jahr Ersatz der Reparaturkosten Neuwertersatz bei Diebstahl und Totalschaden Leihfahrrad w\u00e4hrend &hellip; <\/p>\n<p class=\"link-more\"><a href=\"https:\/\/radkasko.de\/\" class=\"more-link\"><span class=\"screen-reader-text\">\u201eInfos\u201c<\/span> weiterlesen<\/a><\/p>\n","protected":false},"author":1,"featured_media":0,"parent":0,"menu_order":1,"comment_status":"closed","ping_status":"closed","template":"","meta":{"footnotes":""},"aioseo_notices":[],"_links":{"self":[{"href":"https:\/\/radkasko.de\/index.php?rest_route=\/wp\/v2\/pages\/4"}],"collection":[{"href":"https:\/\/radkasko.de\/index.php?rest_route=\/wp\/v2\/pages"}],"about":[{"href":"https:\/\/radkasko.de\/index.php?rest_route=\/wp\/v2\/types\/page"}],"author":[{"embeddable":true,"href":"https:\/\/radkasko.de\/index.php?rest_route=\/wp\/v2\/users\/1"}],"replies":[{"embeddable":true,"href":"https:\/\/radkasko.de\/index.php?rest_route=%2Fwp%2Fv2%2Fcomments&post=4"}],"version-history":[{"count":34,"href":"https:\/\/radkasko.de\/index.php?rest_route=\/wp\/v2\/pages\/4\/revisions"}],"predecessor-version":[{"id":280,"href":"https:\/\/radkasko.de\/index.php?rest_route=\/wp\/v2\/pages\/4\/revisions\/280"}],"wp:attachment":[{"href":"https:\/\/radkasko.de\/index.php?rest_route=%2Fwp%2Fv2%2Fmedia&parent=4"}],"curies":[{"name":"wp","href":"https:\/\/api.w.org\/{rel}","templated":true}]}}