{"id":72,"date":"2019-03-18T08:25:58","date_gmt":"2019-03-18T08:25:58","guid":{"rendered":"http:\/\/radkasko.de\/?page_id=72"},"modified":"2024-12-27T13:38:18","modified_gmt":"2024-12-27T13:38:18","slug":"haeufig-gestellte-fragen-faq","status":"publish","type":"page","link":"https:\/\/radkasko.de\/?page_id=72","title":{"rendered":"H\u00e4ufig gestellte Fragen FAQ"},"content":{"rendered":"<p>&nbsp;<\/p>\n<p><img decoding=\"async\" loading=\"lazy\" class=\"alignnone wp-image-118 size-medium\" src=\"http:\/\/radkasko.de\/wp-content\/uploads\/2019\/03\/Radkasko-Logo-Tranparent-eng-300x254.png\" alt=\"\" width=\"300\" height=\"254\" srcset=\"https:\/\/radkasko.de\/wp-content\/uploads\/2019\/03\/Radkasko-Logo-Tranparent-eng-300x254.png 300w, https:\/\/radkasko.de\/wp-content\/uploads\/2019\/03\/Radkasko-Logo-Tranparent-eng-768x651.png 768w, https:\/\/radkasko.de\/wp-content\/uploads\/2019\/03\/Radkasko-Logo-Tranparent-eng-1024x868.png 1024w, https:\/\/radkasko.de\/wp-content\/uploads\/2019\/03\/Radkasko-Logo-Tranparent-eng.png 1488w\" sizes=\"(max-width: 300px) 100vw, 300px\" \/><\/p>\n<p>&nbsp;<\/p>\n<p style=\"text-align: left;\"><strong>Wo finde ich den Versicherungsantrag ?<\/strong><br \/>\nDen Antrag k\u00f6nnen Sie hier downloaden:<br \/>\n<a href=\"http:\/\/radkasko.de\/wp-content\/uploads\/2024\/12\/Antrag-RADkasko-DSGVO-05-2018-FORMULAR-Offline-AdH.pdf\" target=\"_blank\" rel=\"noopener noreferrer\">Antrag Radkasko<\/a><br \/>\noder<br \/>\n<a href=\"http:\/\/radkasko.de\/wp-content\/uploads\/2024\/12\/ONLINE-Antrag-RADkasko-04-2019-FORMULAR-inkl-AVB.pdf\" target=\"_blank\" rel=\"noopener noreferrer\">Online Antrag zur Radkasko<\/a><\/p>\n<p style=\"text-align: left;\"><strong>Wo finde ich die Versicherungsbedingungen ?<\/strong><br \/>\nDie Versicherungsbedingungen k\u00f6nnen Sie <a href=\"http:\/\/radkasko.de\/wp-content\/uploads\/2019\/03\/RadKASKO-AVB-PRK-04-2014.pdf\" target=\"_blank\" rel=\"noopener noreferrer\">HIER<\/a>\u00a0downloaden.<\/p>\n<p style=\"text-align: left;\"><strong>Wo finde ich das Produktinformationsblatt ?<\/strong><br \/>\nDas Produktinformationsblatt finden Sie <a href=\"http:\/\/radkasko.de\/wp-content\/uploads\/2019\/03\/Produktinfo-RADkasko-Stand-09-2012.pdf\" target=\"_blank\" rel=\"noopener noreferrer\">HIER<\/a><\/p>\n<p style=\"text-align: left;\"><strong>Wo finde ich den \u00c4nderungsantrag ?<\/strong><br \/>\nDas \u00c4nderungsformular finden Sie hier:<br \/>\n<a href=\"http:\/\/radkasko.de\/wp-content\/uploads\/2019\/04\/\u00c4nderungsantrag-RADkasko-08-2015-SEPA.pdf\" target=\"_blank\" rel=\"noopener noreferrer\">\u00c4nderungsantrag Radkasko<\/a><br \/>\noder<br \/>\n<a href=\"http:\/\/radkasko.de\/wp-content\/uploads\/2019\/04\/ONLINE-\u00c4nderungsantrag-RADkasko-08-2015-SEPA.pdf\" target=\"_blank\" rel=\"noopener noreferrer\">Online \u00c4nderungsantrag Radkasko<\/a><\/p>\n<p style=\"text-align: left;\"><strong>Wo finde ich die Rollstuhlklausel ?<\/strong><br \/>\nDen Wortlaut unserer Klausel f\u00fcr Krankenfahrst\u00fchle und den<br \/>\nzugeh\u00f6rigen Tarif finden Sie <a href=\"http:\/\/die-fahrradversicherung.de\/wp-content\/uploads\/2016\/03\/Rollstuhlklausel-PRK-2016-003.pdf\" target=\"_blank\" rel=\"noopener noreferrer\">HIER<\/a><\/p>\n<p style=\"text-align: left;\"><strong>Wie hoch ist der Mindestbeitrag ?<br \/>\n<\/strong><span style=\"line-height: 1.5;\">Der Mindestbeitrag betr\u00e4gt 58,00 EUR inkl. 19% Versicherungssteuer<br \/>\nAlso umgerechnet weniger als 4,90 \u20ac im Monat !<\/span><\/p>\n<p style=\"text-align: left;\"><strong>Wie hoch ist der Mindestteilzahlungsbetrag ?<\/strong><br \/>\nDer Mindestteilzahlungsbetrag bei unterj\u00e4hriger Zahlungsweise betr\u00e4gt\u00a058,00 \u20ac<\/p>\n<p style=\"text-align: left;\"><strong>Wie kann die Pr\u00e4mie bezahlt werden ?<\/strong><br \/>\nDie Pr\u00e4mie kann j\u00e4hrlich, halbj\u00e4hrlich (+3%) oder viertelj\u00e4hrlich (+5%) bezahlt werden.<\/p>\n<p><strong>\u00dcber welchen Versicherer bin ich versichert?<\/strong><br \/>\nDie von uns entwickelten Bedingungen werden bei der N\u00fcrnberger Versicherungs AG eingedeckt. Bei der Antrags- und Schadenabwicklung werden Sie von uns unterst\u00fctzt. Entsch\u00e4digungen werden direkt vom Versicherer gezahlt.<\/p>\n<p><strong>K\u00f6nnen nur Fahrr\u00e4der versichert werden ?<\/strong><br \/>\nNat\u00fcrlich k\u00f6nnen neben Fahrr\u00e4dern auch auch andere, nicht selbstfahrenden<br \/>\nFahrzeuge versichert werden. z.B. <strong>Pedelec, e-Bikes, Lieger\u00e4der, Velomobile, Tandems<\/strong> mit und ohne elektrischer Unterst\u00fctzung. Daneben k\u00f6nnen als vollst\u00e4ndig selbstfahrende Fahrzeuge auch <strong>e-Scooter<\/strong>, \u00a0<strong>Segways und Rollst\u00fchle \/ Krankenfahrst\u00fchle<\/strong> versichert werden.<\/p>\n<p style=\"text-align: left;\"><strong>Gibt es unterschiedliche Beitr\u00e4ge f\u00fcr Hobby- und Berufsfahrer ?<\/strong><br \/>\nNein, die Beitr\u00e4ge sind f\u00fcr Hobby- und Berufsfahrer gleich.<\/p>\n<p style=\"text-align: left;\"><strong>Wie hoch ist der Zuschlag f\u00fcr Krankenfahrst\u00fchle \/ Rollst\u00fchle ?<\/strong><br \/>\nDa Krankenfahrst\u00fchle anders wie die meisten Fahrr\u00e4der st\u00e4ndig genutzt werden und dadurch\u00a0die Gefahr eines Schadens h\u00f6her ist, m\u00fcssen\u00a0wir hierf\u00fcr einen Zuschlag von\u00a050% auf den Nettotarif erheben.<\/p>\n<p style=\"text-align: left;\"><strong>Was ist die Mindestlaufzeit des Vertrages ?<\/strong><br \/>\nDie Mindestvertragslaufzeit betr\u00e4gt 1 Jahr, der Vertrag verl\u00e4ngert sich automatisch, wenn dieser nicht sp\u00e4testens\u00a03 Monate vor\u00a0Ablauf schriftlich gek\u00fcndigt wird.<\/p>\n<p style=\"text-align: left;\"><strong>K\u00f6nnen w\u00e4hrend der Vertragslaufzeit Gegenst\u00e4nde ein- oder ausgeschlossen werden ?<\/strong><br \/>\nJa, Sie k\u00f6nnen jederzeit Gegenst\u00e4nde einschlie\u00dfen oder abgegebene Gegenst\u00e4nde ausschlie\u00dfen, \u00fcbersenden Sie uns dazu bitte das\u00a0<a href=\"http:\/\/radkasko.de\/wp-content\/uploads\/2019\/03\/\u00c4nderungsantrag-RADkasko-08-2015-SEPA.pdf\" target=\"_blank\" rel=\"noopener noreferrer\">HIER<\/a><br \/>\ndownloadbare Formular ausgef\u00fcllt und unterschrieben. Wir werden Ihnen die Deckung dann schnellstm\u00f6glich best\u00e4tigen.<\/p>\n<p style=\"text-align: left;\"><strong>Kann man die Versicherung auch abschlie\u00dfen, wenn man nicht in Deutschland wohnt ?<\/strong><br \/>\nLeider ist dies zur Zeit noch nicht m\u00f6glich. Unser Versicherungsschutz gilt aber weltweit !<\/p>\n<p style=\"text-align: left;\"><strong>K\u00f6nnen auch gebraucht gekaufte Gegenst\u00e4nde versichert werden ?<\/strong><br \/>\nGerne k\u00f6nnen Sie auch gebraucht gekaufte Gegenst\u00e4nde versichern, hiervon ben\u00f6tigen wir als Besitznachweis Fotos mit einer aktuellen\u00a0Tageszeitung, auf denen man sowohl den Gesamtzustand wie auch die Serien Nr. erkennen kann, also 3-4 Fotos je Gegenstand.\u00a0Diese Bilder k\u00f6nnen Sie uns als Mailanhang im JPG-Format \u00fcbersenden.<\/p>\n<p style=\"text-align: left;\"><strong>Wie kann ich den Antrag einreichen ?<\/strong><br \/>\n<span style=\"line-height: 1.5;\">Sie k\u00f6nnen uns den Antrag per Post, Fax (0251-7890050) oder auch eingescannt als Mailanhang (<a href=\"mailto:info@radkasko.de\" target=\"_blank\" rel=\"noopener noreferrer\">info@radkasko.de<\/a>) \u00fcbersenden. <\/span><\/p>\n<p><img decoding=\"async\" loading=\"lazy\" class=\"alignnone size-large wp-image-32\" src=\"http:\/\/radkasko.de\/wp-content\/uploads\/2019\/03\/Fotolia_90581296_Subscription_Monthly_XXL-1024x683.jpg\" alt=\"\" width=\"525\" height=\"350\" srcset=\"https:\/\/radkasko.de\/wp-content\/uploads\/2019\/03\/Fotolia_90581296_Subscription_Monthly_XXL-1024x683.jpg 1024w, https:\/\/radkasko.de\/wp-content\/uploads\/2019\/03\/Fotolia_90581296_Subscription_Monthly_XXL-300x200.jpg 300w, https:\/\/radkasko.de\/wp-content\/uploads\/2019\/03\/Fotolia_90581296_Subscription_Monthly_XXL-768x512.jpg 768w\" sizes=\"(max-width: 525px) 100vw, 525px\" \/><\/p>\n<p style=\"text-align: left;\"><span style=\"line-height: 1.5;\"><strong>Wie schnell kann der Versicherungsschutz in Kraft treten ?<\/strong><br \/>\nAn Arbeitstagen k\u00f6nnen wir Ihnen den Versicherungsschutz f\u00fcr gew\u00f6hnlich innerhalb von 24 Stunden oder schneller best\u00e4tigen.\u00a0Um sicher zu gehen, sollten Sie uns den Antrag, wenn m\u00f6glich, eine Woche vor dem gew\u00fcnschten Beginn zukommen lassen. <\/span><\/p>\n<p style=\"text-align: left;\"><span style=\"line-height: 1.5;\"><strong>Welche Unterlagen m\u00fcssen mit dem Antrag eingereicht werden ?<\/strong><br \/>\nDamit wir Ihnen die Deckung best\u00e4tigen k\u00f6nnen, reicht zun\u00e4chst der ausgef\u00fcllte und unterschriebene Antrag aus.\u00a0Alle anderen Unterlagen (Rechnungen, Garantiescheine oder Fotos) k\u00f6nnen Sie uns sp\u00e4ter nachreichen, diese m\u00fcssen im Schadenfall\u00a0allerdings vorliegen, daher empfehlen wir diese Unterlagen schon bei oder direkt nach Antragstellung einzureichen, damit es im\u00a0Schadenfall nicht zu Verz\u00f6gerungen kommt. <\/span><\/p>\n<p style=\"text-align: left;\"><span style=\"line-height: 1.5;\"><strong>Welche Werte m\u00fcssen im Antrag angegeben werden ?<\/strong><br \/>\nIm Antrag m\u00fcssen Sie den aktuellen Neuwert, wie Sie ihn zur Zeit bei einem Fachh\u00e4ndler bezahlen m\u00fcssen, angeben. <\/span><\/p>\n<p style=\"text-align: left;\"><span style=\"line-height: 1.5;\"><strong>Welche Entsch\u00e4digung habe ich zu erwarten ?<\/strong><br \/>\n<\/span><span style=\"line-height: 1.5;\">Bei einem Totalschaden oder Diebstahl wird vom Versicherer grunds\u00e4tzlich der Neuwert entsch\u00e4digt, d.h. der Betrag\u00a0der zum Zeitpunkt des Schadens notwendig ist, um ein Fahrrad gleicher Art und G\u00fcte neu zu kaufen. Nur, wenn der Zeitwert\u00a0unter 50% des Neuwertes (bei Markteinf\u00fchrung) gefallen ist, wird nur der Zeitwert ersetzt. In den ersten 3 Jahren nach Neukauf\u00a0garantieren wir, dass der Neuwert ersetzt wird. Bei kleineren Besch\u00e4digungen werden die anfallenden Reparaturkosten erstattet. <\/span><\/p>\n<p style=\"text-align: left;\"><span style=\"line-height: 1.5;\"><strong>Wo finde ich den Neuwert bei Markteinf\u00fchrung eines Ger\u00e4tes?<\/strong><br \/>\nDen Preis bei Markteinf\u00fchrung erfahren Sie entweder bei Ihrem H\u00e4ndler oder noch einfacher\u00a0indem Sie sich bei einer Preissuchmaschine\u00a0z.B. geizhals.de den Preischart ab Beginn anzeigen lassen. <\/span><\/p>\n<p style=\"text-align: left;\"><span style=\"line-height: 1.5;\"><strong>Welche Werte muss ich f\u00fcr in einem Set gekaufte Gegenst\u00e4nde angeben ?<\/strong><br \/>\nF\u00fcr in einem Set gekaufte Gegenst\u00e4nde muss der Wert, wie er im Einzelverkauf gezahlt werden m\u00fcsste, angegeben werden. <\/span><\/p>\n<p style=\"text-align: left;\"><span style=\"line-height: 1.5;\"><strong>Wie hoch darf die Wertabweichung beim Unterversicherungsverzicht sein ?<\/strong><br \/>\nIn der Unterversicherungsverzichtsklausel ist geregelt, dass versehentliche Abweichungen bis 10% vom tats\u00e4chlichen Wert\u00a0nicht ber\u00fccksichtigt werden, so dass Ihnen hieraus kein Nachteil entsteht.<\/span><\/p>\n<p><img decoding=\"async\" loading=\"lazy\" class=\"alignnone size-large wp-image-17\" src=\"http:\/\/radkasko.de\/wp-content\/uploads\/2019\/03\/Fotolia_32489599_Subscription_Monthly_M-1024x682.jpg\" alt=\"\" width=\"525\" height=\"350\" srcset=\"https:\/\/radkasko.de\/wp-content\/uploads\/2019\/03\/Fotolia_32489599_Subscription_Monthly_M-1024x682.jpg 1024w, https:\/\/radkasko.de\/wp-content\/uploads\/2019\/03\/Fotolia_32489599_Subscription_Monthly_M-300x200.jpg 300w, https:\/\/radkasko.de\/wp-content\/uploads\/2019\/03\/Fotolia_32489599_Subscription_Monthly_M-768x512.jpg 768w, https:\/\/radkasko.de\/wp-content\/uploads\/2019\/03\/Fotolia_32489599_Subscription_Monthly_M.jpg 1688w\" sizes=\"(max-width: 525px) 100vw, 525px\" \/><\/p>\n<p style=\"text-align: left;\"><span style=\"line-height: 1.5;\"><strong>Wie ist das Schadenfreiheitsrabattsystem geregelt ?<\/strong><br \/>\nF\u00fcr jedes komplett schadenfreie Jahr gew\u00e4hrt der Versicherer einen Schadenfreiheitsrabatt in H\u00f6he von 25% auf die vereinbarte\u00a0Selbstbeteiligung. Hat der Versicherer eine Entsch\u00e4digung erbracht, so entf\u00e4llt die Rabattierung bis sie in den darauf folgenden\u00a0Versicherungsjahren wieder neu aufgebaut wird. Auf die Mindest- und Maximalselbstbeteiligung wirkt sich die Rabattierung nicht aus. <\/span><\/p>\n<p style=\"text-align: left;\"><span style=\"line-height: 1.5;\"><strong>Welche Selbstbeteiligung gibt es ?<\/strong><br \/>\nIm Falle eines Schadens tr\u00e4gt der Versicherungsnehmer 10% des Schadenbetrages, mindestens\u2028 20,00 \u20ac, maximal 200,00 \u20ac.\u00a0Die Selbstbeteiligung reduziert sich f\u00fcr jedes schadenfreie Jahr um 25% (siehe n\u00e4here Erl\u00e4uterungen oben).<\/span><\/p>\n<p style=\"text-align: left;\">Bei Abschluss der Renn- oder Rollstuhlklausel erh\u00f6ht sich die Selbstbeteilgung auf 15% mind. 40,00 \u20ac maximal 400,00 \u20ac<\/p>\n<p style=\"text-align: left;\"><span style=\"line-height: 1.5;\"><strong>Wie mu\u00df das Fahrrad* gesichert sein ?<\/strong><br \/>\nDas Fahrrad* mu\u00df gegen Diebstahl mit einem Schloss der Marken Abbus, Trelock, Kryptonite oder \u2028qualitativ gleichwertiger\u00a0<\/span>anderer Marken gesichert sein. Bis zu einem Fahrradwert von 1.500 \u20ac reicht \u2028ein Schloss mit einem Mindestverkaufspreis von 20 \u20ac,\u00a0dar\u00fcber hinaus muss ein Schloss mit einem\u2028 Mindestverkaufspreis von 50 \u20ac verwendet werden. Mit diesem Schloss muss das Fahrrad*\u00a0an einem festen Gegenstand wie z.B. einem Fahrradst\u00e4nder, einer Laterne oder einem Gel\u00e4nder durch den\u00a0Rahmen angeschlossen werden.<\/p>\n<p style=\"text-align: left;\"><span style=\"line-height: 1.5;\"><strong>Was haben die 3 Fragen zum weiteren Beratungsbedarf im Antrag zu bedeuten ?<\/strong><br \/>\nAls Versicherungsmakler sind wir nach dem Vermittlerrecht verpflichtet \u00a0jeden Kunden, der nur eine Versicherung \u00fcber uns abschlie\u00dft auch in allen anderen Versicherungssparten (z.B. Krankenversicherung, Rechtsschutz, Kfz, Hausrat, Lebensversicherung ect.)\u00a0 zu beraten. Dies tun wir nat\u00fcrlich gern, die meisten Kunden wollen aber nur eine bestimmte Versicherung abschlie\u00dfen und nicht mit anderen Fragen bel\u00e4stigt werden. Daher haben Sie die M\u00f6glichkeit uns durch einfaches ankreuzen mitzuteilen, was Ihre diesbez\u00fcglichen W\u00fcnsche sind. Die Haftung in Bezug auf die RADkasko\u00a0wird dadurch nat\u00fcrlich nicht eingeschr\u00e4nkt. Die Haftungseinschr\u00e4nkungen gelten nur f\u00fcr andere Sparten, in denen wir Sie ggfls. auf Ihren Wunsch hin nicht beraten haben. <\/span><\/p>\n<p style=\"text-align: left;\"><span style=\"line-height: 1.5;\"><strong>Was mu\u00df ich im Schadenfall tun ?<\/strong><br \/>\nIm Falle eines Schadens senden Sie uns bitte umgehend eine e-Mail (info@radkasko.de), wir werden Ihnen dann schnellst m\u00f6glich eine Mail mit der Schadenanzeige und allen notwendigen Informationen zukommen lassen. <\/span><\/p>\n<p style=\"text-align: left;\"><span style=\"line-height: 1.5;\"><strong>Kann man \u00fcber Sie auch andere Versicherungen abschlie\u00dfen ?<\/strong><br \/>\nWir w\u00fcrden uns freuen, wenn wir Sie auch in anderen Versicherungssparten beraten d\u00fcrfen, unsere allgemeine Homepage finden Sie unter:<br \/>\n<a href=\"http:\/\/www.ihr-versicherungsmakler.com\" target=\"_blank\" rel=\"noopener noreferrer\">www.ihr-versicherungsmakler.com <\/a><\/span><\/p>\n<p style=\"text-align: left;\"><span style=\"line-height: 1.5;\"><strong>Weitere Fragen ?<\/strong><br \/>\nSollte Ihre Frage in dieser Liste nicht beantwortet worden sein, so k\u00f6nnen Sie uns gerne unter info@radkasko.de, per nachstehendem Formular oder telefonisch unter 0251-789000 kontaktieren.<\/span><\/p>\n<p style=\"text-align: left;\"><span style=\"line-height: 1.5;\"><style id=\"wpforms-css-vars-232\">\n\t\t\t\t#wpforms-232 {\n\t\t\t\t\n\t\t\t}\n\t\t\t<\/style><div class=\"wpforms-container wpforms-container-full wpforms-render-modern\" id=\"wpforms-232\"><form id=\"wpforms-form-232\" class=\"wpforms-validate wpforms-form wpforms-ajax-form\" data-formid=\"232\" method=\"post\" enctype=\"multipart\/form-data\" action=\"\/index.php?rest_route=%2Fwp%2Fv2%2Fpages%2F72\" data-token=\"3f1dc090dbebf34d5cdf6d0f29f03e9b\" data-token-time=\"1777564076\"><noscript class=\"wpforms-error-noscript\">Bitte aktiviere JavaScript in deinem Browser, um dieses Formular fertigzustellen.<\/noscript><div id=\"wpforms-error-noscript\" style=\"display: none;\">Bitte aktiviere JavaScript in deinem Browser, um dieses Formular fertigzustellen.<\/div><div class=\"wpforms-field-container\"><div id=\"wpforms-232-field_0-container\" class=\"wpforms-field wpforms-field-name\" data-field-id=\"0\"><fieldset><legend class=\"wpforms-field-label\">Name <span class=\"wpforms-required-label\" aria-hidden=\"true\">*<\/span><\/legend><div class=\"wpforms-field-row wpforms-field-medium\"><div class=\"wpforms-field-row-block wpforms-first wpforms-one-half\"><input type=\"text\" id=\"wpforms-232-field_0\" class=\"wpforms-field-name-first wpforms-field-required\" name=\"wpforms[fields][0][first]\" aria-errormessage=\"wpforms-232-field_0-error\" required><label for=\"wpforms-232-field_0\" class=\"wpforms-field-sublabel after\">Vorname<\/label><\/div><div class=\"wpforms-field-row-block wpforms-one-half\"><input type=\"text\" id=\"wpforms-232-field_0-last\" class=\"wpforms-field-name-last wpforms-field-required\" name=\"wpforms[fields][0][last]\" aria-errormessage=\"wpforms-232-field_0-last-error\" required><label for=\"wpforms-232-field_0-last\" class=\"wpforms-field-sublabel after\">Nachname<\/label><\/div><\/div><\/fieldset><\/div><div id=\"wpforms-232-field_1-container\" class=\"wpforms-field wpforms-field-email\" data-field-id=\"1\"><label class=\"wpforms-field-label\" for=\"wpforms-232-field_1\">E-Mail-Adresse <span class=\"wpforms-required-label\" aria-hidden=\"true\">*<\/span><\/label><input type=\"email\" id=\"wpforms-232-field_1\" class=\"wpforms-field-medium wpforms-field-required\" name=\"wpforms[fields][1]\" spellcheck=\"false\" aria-errormessage=\"wpforms-232-field_1-error\" required><\/div><div id=\"wpforms-232-field_3-container\" class=\"wpforms-field wpforms-field-text\" data-field-id=\"3\"><label class=\"wpforms-field-label\" for=\"wpforms-232-field_3\">Ihre Rufnummer, falls Sie angerufen werden m\u00f6chten:<\/label><input type=\"text\" id=\"wpforms-232-field_3\" class=\"wpforms-field-medium\" name=\"wpforms[fields][3]\" aria-errormessage=\"wpforms-232-field_3-error\" ><\/div><div id=\"wpforms-232-field_2-container\" class=\"wpforms-field wpforms-field-textarea\" data-field-id=\"2\"><label class=\"wpforms-field-label\" for=\"wpforms-232-field_2\">Kommentar oder Nachricht <span class=\"wpforms-required-label\" aria-hidden=\"true\">*<\/span><\/label><textarea id=\"wpforms-232-field_2\" class=\"wpforms-field-medium wpforms-field-required\" name=\"wpforms[fields][2]\" aria-errormessage=\"wpforms-232-field_2-error\" required><\/textarea><\/div><\/div><!-- .wpforms-field-container --><div class=\"wpforms-recaptcha-container wpforms-is-recaptcha wpforms-is-recaptcha-type-v3\" ><input type=\"hidden\" name=\"wpforms[recaptcha]\" value=\"\"><\/div><div class=\"wpforms-submit-container\" ><input type=\"hidden\" name=\"wpforms[id]\" value=\"232\"><input type=\"hidden\" name=\"page_title\" value=\"\"><input type=\"hidden\" name=\"page_url\" value=\"https:\/\/radkasko.de\/index.php?rest_route=\/wp\/v2\/pages\/72\"><input type=\"hidden\" name=\"url_referer\" value=\"\"><button type=\"submit\" name=\"wpforms[submit]\" id=\"wpforms-submit-232\" class=\"wpforms-submit\" data-alt-text=\"Wird gesendet\u00a0\u2026\" data-submit-text=\"Absenden\" aria-live=\"assertive\" value=\"wpforms-submit\">Absenden<\/button><img src=\"https:\/\/radkasko.de\/wp-content\/plugins\/wpforms-lite\/assets\/images\/submit-spin.svg\" class=\"wpforms-submit-spinner\" style=\"display: none;\" width=\"26\" height=\"26\" alt=\"Wird geladen\"><\/div><\/form><\/div>  <!-- .wpforms-container --><\/span><\/p>\n<p style=\"text-align: left;\"><span style=\"line-height: 1.5;\">* = Auch Tandems, Lieger\u00e4der, Pedelecs, e-Bikes, \u00a0Velomobile, Rollst\u00fchle und Stehr\u00e4der, e-Scooter<\/span><\/p>\n","protected":false},"excerpt":{"rendered":"<p>&nbsp; &nbsp; Wo finde ich den Versicherungsantrag ? Den Antrag k\u00f6nnen Sie hier downloaden: Antrag Radkasko oder Online Antrag zur Radkasko Wo finde ich die Versicherungsbedingungen ? Die Versicherungsbedingungen k\u00f6nnen Sie HIER\u00a0downloaden. Wo finde ich das Produktinformationsblatt ? Das Produktinformationsblatt finden Sie HIER Wo finde ich den \u00c4nderungsantrag ? Das \u00c4nderungsformular finden Sie hier: \u00c4nderungsantrag &hellip; <\/p>\n<p class=\"link-more\"><a href=\"https:\/\/radkasko.de\/?page_id=72\" class=\"more-link\"><span class=\"screen-reader-text\">\u201eH\u00e4ufig gestellte Fragen FAQ\u201c<\/span> weiterlesen<\/a><\/p>\n","protected":false},"author":1,"featured_media":0,"parent":0,"menu_order":100,"comment_status":"closed","ping_status":"closed","template":"","meta":{"footnotes":""},"aioseo_notices":[],"_links":{"self":[{"href":"https:\/\/radkasko.de\/index.php?rest_route=\/wp\/v2\/pages\/72"}],"collection":[{"href":"https:\/\/radkasko.de\/index.php?rest_route=\/wp\/v2\/pages"}],"about":[{"href":"https:\/\/radkasko.de\/index.php?rest_route=\/wp\/v2\/types\/page"}],"author":[{"embeddable":true,"href":"https:\/\/radkasko.de\/index.php?rest_route=\/wp\/v2\/users\/1"}],"replies":[{"embeddable":true,"href":"https:\/\/radkasko.de\/index.php?rest_route=%2Fwp%2Fv2%2Fcomments&post=72"}],"version-history":[{"count":19,"href":"https:\/\/radkasko.de\/index.php?rest_route=\/wp\/v2\/pages\/72\/revisions"}],"predecessor-version":[{"id":277,"href":"https:\/\/radkasko.de\/index.php?rest_route=\/wp\/v2\/pages\/72\/revisions\/277"}],"wp:attachment":[{"href":"https:\/\/radkasko.de\/index.php?rest_route=%2Fwp%2Fv2%2Fmedia&parent=72"}],"curies":[{"name":"wp","href":"https:\/\/api.w.org\/{rel}","templated":true}]}}